{"id":1084,"date":"2020-08-19T07:12:36","date_gmt":"2020-08-19T07:12:36","guid":{"rendered":"http:\/\/gea-com.hr\/index.php\/our-farm\/"},"modified":"2024-02-29T20:28:35","modified_gmt":"2024-02-29T20:28:35","slug":"o_nama","status":"publish","type":"page","link":"https:\/\/gea-com.hr\/?page_id=1084","title":{"rendered":"O Nama"},"content":{"rendered":"\n<div class=\"wp-block-uagb-container uagb-block-f66aa926 alignfull uagb-is-root-container\"><div class=\"uagb-container-inner-blocks-wrap\">\n<div class=\"wp-block-uagb-info-box uagb-block-87fca126 uagb-infobox__content-wrap  uagb-infobox-icon-above-title uagb-infobox-image-valign-top\"><div class=\"uagb-ifb-content\"><div class=\"uagb-ifb-title-wrap\"><div class=\"uagb-ifb-separator\"><\/div><h1 class=\"uagb-ifb-title\">O Nama<\/h1><\/div><\/div><\/div>\n\n\n\n<div class=\"wp-block-uagb-advanced-heading uagb-block-86269f31\"><\/div>\n<\/div><\/div>\n\n\n\n<div class=\"wp-block-uagb-container uagb-block-71a1159f alignfull uagb-is-root-container\"><div class=\"uagb-container-inner-blocks-wrap\">\n<div class=\"wp-block-uagb-container uagb-block-a1522a2c\">\n<div class=\"wp-block-uagb-container uagb-block-284e7c5e\">\n<div class=\"wp-block-uagb-info-box uagb-block-29271e19 uagb-infobox__content-wrap  uagb-infobox-icon-above-title uagb-infobox-image-valign-top\"><div class=\"uagb-ifb-content\"><div class=\"uagb-ifb-title-wrap\"><div class=\"uagb-ifb-separator\"><\/div><h2 class=\"uagb-ifb-title\">Povijest tvrtke<\/h2><\/div><\/div><\/div>\n<\/div>\n\n\n\n<div class=\"wp-block-uagb-container uagb-block-4957ec12\">\n<p style=\"font-size:18px\">Gea-com je obiteljska tvrtka osnovana 1992. godine. Tijekom svojih 30 godina poslovanja tvrtka se razvijala u vi\u0161e poslovnih podru\u010dja koja uklju\u010duju trgovinu na veliko, gra\u0111evinarstvo i nekretninski development, nauti\u010dki turizam, konzultantske usluge te poljoprivredu. \u0160irok spektar djelatnosti kojima se tvrtka bavi rezulatirao je osnivanjem sestrinskih tvrtki za pojedina podru\u010dja djelovanja<\/p>\n\n\n\n<p style=\"font-size:18px\">Od 2012. godine ipak u poslovanju prevladava poljoprivredna djelatnost, prvenstveno uzgoj gljiva kojim se tvrtka po\u010dela baviti preuzimanjem proizvodnih kapaciteta tvrtke \u0160ampiko d.o.o. u ste\u010daju. Projekt uzgoja gljiva pokrenut je u suradnji sa jednim od pionira i najve\u0107ih stru\u010dnjaka u ovom podru\u010dju, gospodinom Sa\u0161om Gale, dr.med.vet.<\/p>\n<\/div>\n<\/div>\n\n\n\n<div class=\"wp-block-uagb-image aligncenter uagb-block-56cd4579 wp-block-uagb-image--layout-default wp-block-uagb-image--effect-static wp-block-uagb-image--align-center\"><figure class=\"wp-block-uagb-image__figure\"><img decoding=\"async\" srcset=\"https:\/\/gea-com.hr\/wp-content\/uploads\/2023\/12\/IMG_20210316_125857-1024x768.jpg ,https:\/\/gea-com.hr\/wp-content\/uploads\/2023\/12\/IMG_20210316_125857.jpg 780w, https:\/\/gea-com.hr\/wp-content\/uploads\/2023\/12\/IMG_20210316_125857.jpg 360w\" sizes=\"auto, (max-width: 480px) 150px\" src=\"https:\/\/gea-com.hr\/wp-content\/uploads\/2023\/12\/IMG_20210316_125857-1024x768.jpg\" alt=\"\" class=\"uag-image-133\" width=\"1024\" height=\"768\" title=\"\" loading=\"lazy\"\/><\/figure><\/div>\n\n\n\n<div class=\"wp-block-uagb-container uagb-block-d981a437\">\n<div class=\"wp-block-uagb-container uagb-block-7cc81b48\">\n<div class=\"wp-block-uagb-container uagb-block-f6e16628\">\n<p style=\"font-size:18px\">Krenuli smo sa uzgojem svje\u017eih \u0161ampinjona u kontroliranim uvjetima uz kori\u0161tenje moderne tehnologije i ekolo\u0161ki prihvatljivih metoda. Osim \u0161ampinjona pokrenuli smo i uzgoj bukova\u010da te sezonski otkup vrganja. Razvojem proizvodnje pokrenuli smo i preradu gljiva su\u0161enjem te konzerviranjem \u0161to je rezultiralo \u0161irenjem palete proizvoda na su\u0161ene i kisele \u0161ampinjone i vrganje.<\/p>\n\n\n\n<p style=\"font-size:18px\">Od samih po\u010detaka bavljenja sa gljivama pokrenuli smo suradnju sa znanstvenim institucijama \u2013 Veterinarskim fakultetom i Agronomskim fakultetom u Zagrebu na nizu znanstveno-razvojnih projekata u podru\u010dju uzgoja gljiva s prvenstvenim ciljem unapre\u0111ivanja zdravlja. Na\u0161 rad okrunjen je s nekoliko nagrada za inovacije u poljoprivredi te potvr\u0111en izdavanjem ve\u0107eg broja znanstvenih radova.<\/p>\n<\/div>\n<\/div>\n\n\n\n<div class=\"wp-block-uagb-container uagb-block-cac9fd62\">\t\t\t\t\t<div\n\t\t\t\t\t\tclass=\"wp-block-uagb-image-gallery uagb-block-772ed6e0     \"\n\t\t\t\t\t\tstyle=\"\"\n\t\t\t\t\t>\n\t\t\t\t\t\t\t\t\t\t\t<div class=\"spectra-image-gallery spectra-image-gallery__layout--masonry spectra-image-gallery__layout--masonry-col-3 spectra-image-gallery__layout--masonry-col-tab-4 spectra-image-gallery__layout--masonry-col-mob-4\">\n\t\t\t\t\t\t\t\t\t\t\t<div class='spectra-image-gallery__media-wrapper--isotope'>\n\t\t\t\t\t\t\t<div class='spectra-image-gallery__media-wrapper' data-spectra-gallery-image-id='129'>\n\t\t\t\t\t\t\t<div class=\"spectra-image-gallery__media spectra-image-gallery__media--masonry\">\n\t\t\t\t<picture>\n\t\t\t\t\t<source media=\"(min-width: 1024px)\" srcset=\"http:\/\/gea-com.hr\/wp-content\/uploads\/2023\/12\/IMG_20210316_124505-300x225.jpg\">\n\t\t\t\t\t<source media=\"(min-width: 768px)\" srcset=\"http:\/\/gea-com.hr\/wp-content\/uploads\/2023\/12\/IMG_20210316_124505-1024x768.jpg\">\n\t\t\t\t\t<img decoding=\"async\" class=\"spectra-image-gallery__media-thumbnail spectra-image-gallery__media-thumbnail--masonry\" src=\"http:\/\/gea-com.hr\/wp-content\/uploads\/2023\/12\/IMG_20210316_124505-300x225.jpg\" alt=\"\" loading=\"lazy\" \/>\n\t\t\t\t<\/picture>\n\t\t\t\t<div class=\"spectra-image-gallery__media-thumbnail-blurrer\"><\/div>\n\t\t\t\t\t\t\t\t\t\t\t<div class=\"spectra-image-gallery__media-thumbnail-caption-wrapper spectra-image-gallery__media-thumbnail-caption-wrapper--overlay\"><\/div>\n\t\t\t\t\t\t\t\t<\/div>\n\t\t\t\t\t\t<\/div>\n\t\t\t\t\t\t<\/div>\n\t\t\t\t\t\t<div class='spectra-image-gallery__media-wrapper--isotope'>\n\t\t\t\t\t\t\t<div class='spectra-image-gallery__media-wrapper' data-spectra-gallery-image-id='126'>\n\t\t\t\t\t\t\t<div class=\"spectra-image-gallery__media spectra-image-gallery__media--masonry\">\n\t\t\t\t<picture>\n\t\t\t\t\t<source media=\"(min-width: 1024px)\" srcset=\"http:\/\/gea-com.hr\/wp-content\/uploads\/2023\/12\/IMG_20210316_124407-300x225.jpg\">\n\t\t\t\t\t<source media=\"(min-width: 768px)\" srcset=\"http:\/\/gea-com.hr\/wp-content\/uploads\/2023\/12\/IMG_20210316_124407-1024x768.jpg\">\n\t\t\t\t\t<img decoding=\"async\" class=\"spectra-image-gallery__media-thumbnail spectra-image-gallery__media-thumbnail--masonry\" src=\"http:\/\/gea-com.hr\/wp-content\/uploads\/2023\/12\/IMG_20210316_124407-300x225.jpg\" alt=\"\" loading=\"lazy\" \/>\n\t\t\t\t<\/picture>\n\t\t\t\t<div class=\"spectra-image-gallery__media-thumbnail-blurrer\"><\/div>\n\t\t\t\t\t\t\t\t\t\t\t<div class=\"spectra-image-gallery__media-thumbnail-caption-wrapper spectra-image-gallery__media-thumbnail-caption-wrapper--overlay\"><\/div>\n\t\t\t\t\t\t\t\t<\/div>\n\t\t\t\t\t\t<\/div>\n\t\t\t\t\t\t<\/div>\n\t\t\t\t\t\t<div class='spectra-image-gallery__media-wrapper--isotope'>\n\t\t\t\t\t\t\t<div class='spectra-image-gallery__media-wrapper' data-spectra-gallery-image-id='132'>\n\t\t\t\t\t\t\t<div class=\"spectra-image-gallery__media spectra-image-gallery__media--masonry\">\n\t\t\t\t<picture>\n\t\t\t\t\t<source media=\"(min-width: 1024px)\" srcset=\"http:\/\/gea-com.hr\/wp-content\/uploads\/2023\/12\/IMG_20210316_125701-300x225.jpg\">\n\t\t\t\t\t<source media=\"(min-width: 768px)\" srcset=\"http:\/\/gea-com.hr\/wp-content\/uploads\/2023\/12\/IMG_20210316_125701-1024x768.jpg\">\n\t\t\t\t\t<img decoding=\"async\" class=\"spectra-image-gallery__media-thumbnail spectra-image-gallery__media-thumbnail--masonry\" src=\"http:\/\/gea-com.hr\/wp-content\/uploads\/2023\/12\/IMG_20210316_125701-300x225.jpg\" alt=\"\" loading=\"lazy\" \/>\n\t\t\t\t<\/picture>\n\t\t\t\t<div class=\"spectra-image-gallery__media-thumbnail-blurrer\"><\/div>\n\t\t\t\t\t\t\t\t\t\t\t<div class=\"spectra-image-gallery__media-thumbnail-caption-wrapper spectra-image-gallery__media-thumbnail-caption-wrapper--overlay\"><\/div>\n\t\t\t\t\t\t\t\t<\/div>\n\t\t\t\t\t\t<\/div>\n\t\t\t\t\t\t<\/div>\n\t\t\t\t\t\t<div class='spectra-image-gallery__media-wrapper--isotope'>\n\t\t\t\t\t\t\t<div class='spectra-image-gallery__media-wrapper' data-spectra-gallery-image-id='152'>\n\t\t\t\t\t\t\t<div class=\"spectra-image-gallery__media spectra-image-gallery__media--masonry\">\n\t\t\t\t<picture>\n\t\t\t\t\t<source media=\"(min-width: 1024px)\" srcset=\"http:\/\/gea-com.hr\/wp-content\/uploads\/2023\/12\/IMG_20210316_130745-225x300.jpg\">\n\t\t\t\t\t<source media=\"(min-width: 768px)\" srcset=\"http:\/\/gea-com.hr\/wp-content\/uploads\/2023\/12\/IMG_20210316_130745-768x1024.jpg\">\n\t\t\t\t\t<img decoding=\"async\" class=\"spectra-image-gallery__media-thumbnail spectra-image-gallery__media-thumbnail--masonry\" src=\"http:\/\/gea-com.hr\/wp-content\/uploads\/2023\/12\/IMG_20210316_130745-225x300.jpg\" alt=\"\" loading=\"lazy\" \/>\n\t\t\t\t<\/picture>\n\t\t\t\t<div class=\"spectra-image-gallery__media-thumbnail-blurrer\"><\/div>\n\t\t\t\t\t\t\t\t\t\t\t<div class=\"spectra-image-gallery__media-thumbnail-caption-wrapper spectra-image-gallery__media-thumbnail-caption-wrapper--overlay\"><\/div>\n\t\t\t\t\t\t\t\t<\/div>\n\t\t\t\t\t\t<\/div>\n\t\t\t\t\t\t<\/div>\n\t\t\t\t\t\t<div class='spectra-image-gallery__media-wrapper--isotope'>\n\t\t\t\t\t\t\t<div class='spectra-image-gallery__media-wrapper' data-spectra-gallery-image-id='160'>\n\t\t\t\t\t\t\t<div class=\"spectra-image-gallery__media spectra-image-gallery__media--masonry\">\n\t\t\t\t<picture>\n\t\t\t\t\t<source media=\"(min-width: 1024px)\" srcset=\"http:\/\/gea-com.hr\/wp-content\/uploads\/2023\/12\/IMG_20201019_151420-225x300.jpg\">\n\t\t\t\t\t<source media=\"(min-width: 768px)\" srcset=\"http:\/\/gea-com.hr\/wp-content\/uploads\/2023\/12\/IMG_20201019_151420.jpg\">\n\t\t\t\t\t<img decoding=\"async\" class=\"spectra-image-gallery__media-thumbnail spectra-image-gallery__media-thumbnail--masonry\" src=\"http:\/\/gea-com.hr\/wp-content\/uploads\/2023\/12\/IMG_20201019_151420-225x300.jpg\" alt=\"\" loading=\"lazy\" \/>\n\t\t\t\t<\/picture>\n\t\t\t\t<div class=\"spectra-image-gallery__media-thumbnail-blurrer\"><\/div>\n\t\t\t\t\t\t\t\t\t\t\t<div class=\"spectra-image-gallery__media-thumbnail-caption-wrapper spectra-image-gallery__media-thumbnail-caption-wrapper--overlay\"><\/div>\n\t\t\t\t\t\t\t\t<\/div>\n\t\t\t\t\t\t<\/div>\n\t\t\t\t\t\t<\/div>\n\t\t\t\t\t\t<div class='spectra-image-gallery__media-wrapper--isotope'>\n\t\t\t\t\t\t\t<div class='spectra-image-gallery__media-wrapper' data-spectra-gallery-image-id='165'>\n\t\t\t\t\t\t\t<div class=\"spectra-image-gallery__media spectra-image-gallery__media--masonry\">\n\t\t\t\t<picture>\n\t\t\t\t\t<source media=\"(min-width: 1024px)\" srcset=\"http:\/\/gea-com.hr\/wp-content\/uploads\/2023\/12\/IMG-20201019-WA0018-300x300.jpg\">\n\t\t\t\t\t<source media=\"(min-width: 768px)\" srcset=\"http:\/\/gea-com.hr\/wp-content\/uploads\/2023\/12\/IMG-20201019-WA0018-1024x1024.jpg\">\n\t\t\t\t\t<img decoding=\"async\" class=\"spectra-image-gallery__media-thumbnail spectra-image-gallery__media-thumbnail--masonry\" src=\"http:\/\/gea-com.hr\/wp-content\/uploads\/2023\/12\/IMG-20201019-WA0018-300x300.jpg\" alt=\"\" loading=\"lazy\" \/>\n\t\t\t\t<\/picture>\n\t\t\t\t<div class=\"spectra-image-gallery__media-thumbnail-blurrer\"><\/div>\n\t\t\t\t\t\t\t\t\t\t\t<div class=\"spectra-image-gallery__media-thumbnail-caption-wrapper spectra-image-gallery__media-thumbnail-caption-wrapper--overlay\"><\/div>\n\t\t\t\t\t\t\t\t<\/div>\n\t\t\t\t\t\t<\/div>\n\t\t\t\t\t\t<\/div>\n\t\t\t\t\t\t\t\t\t\t<\/div>\n\t\t\t\t\t\t\t\t\t\t\t\t\t\t\t\t\t\t<\/div>\n\t\t\t\t\t\t\t\t\t<\/div>\n<\/div>\n<\/div><\/div>\n","protected":false},"excerpt":{"rendered":"<p>Gea-com je obiteljska tvrtka osnovana 1992. godine. Tijekom svojih 30 godina poslovanja tvrtka se razvijala u vi\u0161e poslovnih podru\u010dja koja uklju\u010duju trgovinu na veliko, gra\u0111evinarstvo i nekretninski development, nauti\u010dki turizam, konzultantske usluge te poljoprivredu. \u0160irok spektar djelatnosti kojima se tvrtka bavi rezulatirao je osnivanjem sestrinskih tvrtki za pojedina podru\u010dja djelovanja Od 2012. godine ipak u &hellip;<\/p>\n<p class=\"read-more\"> <a class=\"\" href=\"https:\/\/gea-com.hr\/?page_id=1084\"> <span class=\"screen-reader-text\">O Nama<\/span> Read More &raquo;<\/a><\/p>\n","protected":false},"author":1,"featured_media":0,"parent":0,"menu_order":0,"comment_status":"closed","ping_status":"closed","template":"","meta":{"_eb_attr":"","_uag_custom_page_level_css":"","site-sidebar-layout":"default","site-content-layout":"plain-container","ast-site-content-layout":"normal-width-container","site-content-style":"unboxed","site-sidebar-style":"unboxed","ast-global-header-display":"","ast-banner-title-visibility":"","ast-main-header-display":"","ast-hfb-above-header-display":"","ast-hfb-below-header-display":"","ast-hfb-mobile-header-display":"","site-post-title":"disabled","ast-breadcrumbs-content":"","ast-featured-img":"","footer-sml-layout":"","theme-transparent-header-meta":"enabled","adv-header-id-meta":"","stick-header-meta":"","header-above-stick-meta":"","header-main-stick-meta":"","header-below-stick-meta":"","astra-migrate-meta-layouts":"set","ast-page-background-enabled":"default","ast-page-background-meta":{"desktop":{"background-color":"","background-image":"","background-repeat":"repeat","background-position":"center center","background-size":"auto","background-attachment":"scroll","background-type":"","background-media":"","overlay-type":"","overlay-color":"","overlay-gradient":""},"tablet":{"background-color":"","background-image":"","background-repeat":"repeat","background-position":"center center","background-size":"auto","background-attachment":"scroll","background-type":"","background-media":"","overlay-type":"","overlay-color":"","overlay-gradient":""},"mobile":{"background-color":"","background-image":"","background-repeat":"repeat","background-position":"center center","background-size":"auto","background-attachment":"scroll","background-type":"","background-media":"","overlay-type":"","overlay-color":"","overlay-gradient":""}},"ast-content-background-meta":{"desktop":{"background-color":"var(--ast-global-color-5)","background-image":"","background-repeat":"repeat","background-position":"center center","background-size":"auto","background-attachment":"scroll","background-type":"","background-media":"","overlay-type":"","overlay-color":"","overlay-gradient":""},"tablet":{"background-color":"var(--ast-global-color-5)","background-image":"","background-repeat":"repeat","background-position":"center center","background-size":"auto","background-attachment":"scroll","background-type":"","background-media":"","overlay-type":"","overlay-color":"","overlay-gradient":""},"mobile":{"background-color":"var(--ast-global-color-5)","background-image":"","background-repeat":"repeat","background-position":"center center","background-size":"auto","background-attachment":"scroll","background-type":"","background-media":"","overlay-type":"","overlay-color":"","overlay-gradient":""}},"footnotes":""},"class_list":["post-1084","page","type-page","status-publish","hentry"],"uagb_featured_image_src":{"full":false,"thumbnail":false,"medium":false,"medium_large":false,"large":false,"1536x1536":false,"2048x2048":false},"uagb_author_info":{"display_name":"admin","author_link":"https:\/\/gea-com.hr\/?author=1"},"uagb_comment_info":0,"uagb_excerpt":"Gea-com je obiteljska tvrtka osnovana 1992. godine. Tijekom svojih 30 godina poslovanja tvrtka se razvijala u vi\u0161e poslovnih podru\u010dja koja uklju\u010duju trgovinu na veliko, gra\u0111evinarstvo i nekretninski development, nauti\u010dki turizam, konzultantske usluge te poljoprivredu. \u0160irok spektar djelatnosti kojima se tvrtka bavi rezulatirao je osnivanjem sestrinskih tvrtki za pojedina podru\u010dja djelovanja Od 2012. godine ipak u&hellip;","_links":{"self":[{"href":"https:\/\/gea-com.hr\/index.php?rest_route=\/wp\/v2\/pages\/1084","targetHints":{"allow":["GET"]}}],"collection":[{"href":"https:\/\/gea-com.hr\/index.php?rest_route=\/wp\/v2\/pages"}],"about":[{"href":"https:\/\/gea-com.hr\/index.php?rest_route=\/wp\/v2\/types\/page"}],"author":[{"embeddable":true,"href":"https:\/\/gea-com.hr\/index.php?rest_route=\/wp\/v2\/users\/1"}],"replies":[{"embeddable":true,"href":"https:\/\/gea-com.hr\/index.php?rest_route=%2Fwp%2Fv2%2Fcomments&post=1084"}],"version-history":[{"count":9,"href":"https:\/\/gea-com.hr\/index.php?rest_route=\/wp\/v2\/pages\/1084\/revisions"}],"predecessor-version":[{"id":1183,"href":"https:\/\/gea-com.hr\/index.php?rest_route=\/wp\/v2\/pages\/1084\/revisions\/1183"}],"wp:attachment":[{"href":"https:\/\/gea-com.hr\/index.php?rest_route=%2Fwp%2Fv2%2Fmedia&parent=1084"}],"curies":[{"name":"wp","href":"https:\/\/api.w.org\/{rel}","templated":true}]}}