{"id":7,"date":"2020-08-19T07:13:26","date_gmt":"2020-08-19T07:13:26","guid":{"rendered":"http:\/\/gea-com.hr\/index.php\/our-produce\/"},"modified":"2024-02-22T22:26:22","modified_gmt":"2024-02-22T22:26:22","slug":"proizvodi","status":"publish","type":"page","link":"https:\/\/gea-com.hr\/?page_id=7","title":{"rendered":"Proizvodi"},"content":{"rendered":"\n<div class=\"wp-block-uagb-container uagb-block-d15f3b51 alignfull uagb-is-root-container\"><div class=\"uagb-container-inner-blocks-wrap\">\n<div class=\"wp-block-uagb-info-box uagb-block-9f60b732 uagb-infobox__content-wrap  uagb-infobox-icon-above-title uagb-infobox-image-valign-top\"><div class=\"uagb-ifb-content\"><div class=\"uagb-ifb-title-wrap\"><div class=\"uagb-ifb-separator\"><\/div><h1 class=\"uagb-ifb-title\">Na\u0161i proizvodi<\/h1><\/div><\/div><\/div>\n\n\n\n<div class=\"wp-block-uagb-advanced-heading uagb-block-68339a56\"><p class=\"uagb-desc-text\">Na\u0161i proizvodi uzgojeni su ekolo\u0161ki, uz posebnu brigu o higijenskim uvjetima te bez kori\u0161tenja pesticida i insekticida.<\/p><\/div>\n<\/div><\/div>\n\n\n\n<div class=\"wp-block-uagb-container uagb-block-27af8c58 alignfull uagb-is-root-container\"><div class=\"uagb-container-inner-blocks-wrap\"><\/div><\/div>\n\n\n\n<div class=\"wp-block-uagb-container uagb-block-0d17d5e2 alignfull uagb-is-root-container\"><div class=\"uagb-container-inner-blocks-wrap\">\n<div class=\"wp-block-uagb-container uagb-block-40d3a90e\">\n<div class=\"wp-block-uagb-container uagb-block-f2cfb020\">\n<div class=\"wp-block-essential-blocks-slider\"><div class=\"eb-parent-wrapper eb-parent-eb-slider-jpr9ekm \"><div class=\"eb-slider-wrapper eb-slider-jpr9ekm\" data-settings=\"{&quot;arrows&quot;:true,&quot;adaptiveHeight&quot;:true,&quot;autoplay&quot;:true,&quot;autoplaySpeed&quot;:3000,&quot;dots&quot;:true,&quot;fade&quot;:true,&quot;infinite&quot;:true,&quot;pauseOnHover&quot;:true,&quot;slidesToShow&quot;:1,&quot;speed&quot;:500,&quot;vertical&quot;:false,&quot;currentSlide&quot;:0,&quot;rtl&quot;:false,&quot;responsive&quot;:[{&quot;breakpoint&quot;:1025,&quot;settings&quot;:{&quot;slidesToShow&quot;:1}},{&quot;breakpoint&quot;:767,&quot;settings&quot;:{&quot;slidesToShow&quot;:1}}]}\" data-images=\"[{&quot;url&quot;:&quot;http:\/\/gea-com.hr\/wp-content\/uploads\/2023\/12\/bijeli-500_etiketa.jpg&quot;,&quot;alt&quot;:&quot;&quot;,&quot;id&quot;:0,&quot;imageId&quot;:94,&quot;caption&quot;:&quot;Bijeli - pakiranje 500g&quot;,&quot;title&quot;:&quot;Bijeli - pakiranje 500g&quot;,&quot;subtitle&quot;:&quot;Essential Blocks Slider Subtitle&quot;,&quot;showButton&quot;:true,&quot;buttonText&quot;:&quot;See More&quot;,&quot;buttonUrl&quot;:&quot;&quot;,&quot;openNewTab&quot;:false,&quot;isValidUrl&quot;:true,&quot;showSecondButton&quot;:false,&quot;secondButtonText&quot;:&quot;See More&quot;,&quot;secondButtonUrl&quot;:&quot;&quot;,&quot;secondButtonOpenNewTab&quot;:false},{&quot;url&quot;:&quot;http:\/\/gea-com.hr\/wp-content\/uploads\/2023\/12\/bijeli-250_etiketa.jpg&quot;,&quot;alt&quot;:&quot;&quot;,&quot;id&quot;:1,&quot;imageId&quot;:92,&quot;caption&quot;:&quot;Bijeli - pakiranje 250g&quot;,&quot;title&quot;:&quot;Bijeli - pakiranje 250g&quot;,&quot;subtitle&quot;:&quot;Essential Blocks Slider Subtitle&quot;,&quot;showButton&quot;:true,&quot;buttonText&quot;:&quot;See More&quot;,&quot;buttonUrl&quot;:&quot;&quot;,&quot;openNewTab&quot;:false,&quot;isValidUrl&quot;:true,&quot;showSecondButton&quot;:false,&quot;secondButtonText&quot;:&quot;See More&quot;,&quot;secondButtonUrl&quot;:&quot;&quot;,&quot;secondButtonOpenNewTab&quot;:false},{&quot;url&quot;:&quot;http:\/\/gea-com.hr\/wp-content\/uploads\/2023\/12\/bucka_etiketa.jpg&quot;,&quot;alt&quot;:&quot;&quot;,&quot;id&quot;:2,&quot;imageId&quot;:96,&quot;caption&quot;:&quot;Bucke&quot;,&quot;title&quot;:&quot;Bucke&quot;,&quot;subtitle&quot;:&quot;Essential Blocks Slider Subtitle&quot;,&quot;showButton&quot;:true,&quot;buttonText&quot;:&quot;See More&quot;,&quot;buttonUrl&quot;:&quot;&quot;,&quot;openNewTab&quot;:false,&quot;isValidUrl&quot;:true,&quot;showSecondButton&quot;:false,&quot;secondButtonText&quot;:&quot;See More&quot;,&quot;secondButtonUrl&quot;:&quot;&quot;,&quot;secondButtonOpenNewTab&quot;:false},{&quot;url&quot;:&quot;http:\/\/gea-com.hr\/wp-content\/uploads\/2023\/12\/rezani_etiketa.jpg&quot;,&quot;alt&quot;:&quot;&quot;,&quot;id&quot;:3,&quot;imageId&quot;:105,&quot;caption&quot;:&quot;Rezane&quot;,&quot;title&quot;:&quot;Rezane&quot;,&quot;subtitle&quot;:&quot;Essential Blocks Slider Subtitle&quot;,&quot;showButton&quot;:true,&quot;buttonText&quot;:&quot;See More&quot;,&quot;buttonUrl&quot;:&quot;&quot;,&quot;openNewTab&quot;:false,&quot;isValidUrl&quot;:true,&quot;showSecondButton&quot;:false,&quot;secondButtonText&quot;:&quot;See More&quot;,&quot;secondButtonUrl&quot;:&quot;&quot;,&quot;secondButtonOpenNewTab&quot;:false},{&quot;url&quot;:&quot;http:\/\/gea-com.hr\/wp-content\/uploads\/2023\/12\/rostiljke_etiketa.jpg&quot;,&quot;alt&quot;:&quot;&quot;,&quot;id&quot;:4,&quot;imageId&quot;:107,&quot;caption&quot;:&quot;Ro\u0161tiljke&quot;,&quot;title&quot;:&quot;Ro\u0161tiljke&quot;,&quot;subtitle&quot;:&quot;Essential Blocks Slider Subtitle&quot;,&quot;showButton&quot;:true,&quot;buttonText&quot;:&quot;See More&quot;,&quot;buttonUrl&quot;:&quot;&quot;,&quot;openNewTab&quot;:false,&quot;isValidUrl&quot;:true,&quot;showSecondButton&quot;:false,&quot;secondButtonText&quot;:&quot;See More&quot;,&quot;secondButtonUrl&quot;:&quot;&quot;,&quot;secondButtonOpenNewTab&quot;:false}]\" data-slidercontenttype=\"content-1\" data-slidertype=\"image\" data-textalign=\"left\" data-arrownexticon=\"fas fa-arrow-alt-circle-right\" data-arrowprevicon=\"fas fa-arrow-alt-circle-left\" data-titletag=\"h2\" data-contenttag=\"p\"><div class=\"image\"><div class=\"eb-slider-item content-1\"><img decoding=\"async\" class=\"eb-slider-image\" src=\"http:\/\/gea-com.hr\/wp-content\/uploads\/2023\/12\/bijeli-500_etiketa.jpg\"\/><\/div><div class=\"eb-slider-item content-1\"><img decoding=\"async\" class=\"eb-slider-image\" src=\"http:\/\/gea-com.hr\/wp-content\/uploads\/2023\/12\/bijeli-250_etiketa.jpg\"\/><\/div><div class=\"eb-slider-item content-1\"><img decoding=\"async\" class=\"eb-slider-image\" src=\"http:\/\/gea-com.hr\/wp-content\/uploads\/2023\/12\/bucka_etiketa.jpg\"\/><\/div><div class=\"eb-slider-item content-1\"><img decoding=\"async\" class=\"eb-slider-image\" src=\"http:\/\/gea-com.hr\/wp-content\/uploads\/2023\/12\/rezani_etiketa.jpg\"\/><\/div><div class=\"eb-slider-item content-1\"><img decoding=\"async\" class=\"eb-slider-image\" src=\"http:\/\/gea-com.hr\/wp-content\/uploads\/2023\/12\/rostiljke_etiketa.jpg\"\/><\/div><\/div><\/div><\/div><\/div>\n<\/div>\n\n\n\n<div class=\"wp-block-uagb-container uagb-block-bf4fbd7c\">\n<div class=\"wp-block-uagb-advanced-heading uagb-block-38eee5e8\"><h2 class=\"uagb-heading-text\">01. Bijeli \u0160ampinjoni\u200b<\/h2><p class=\"uagb-desc-text\">Agaricus bisporus<\/p><\/div>\n\n\n\n<p>Bijeli \u0161ampinjon je naj\u010de\u0161\u0107e konzumirana gljiva. Na tr\u017ei\u0161te stavljamo 8 razli\u010ditih proizvoda.<\/p>\n<\/div>\n<\/div>\n\n\n\n<div class=\"wp-block-uagb-container uagb-block-85462533\">\n<div class=\"wp-block-uagb-container uagb-block-57c38272\">\n<div class=\"wp-block-essential-blocks-slider\"><div class=\"eb-parent-wrapper eb-parent-eb-slider-v2r8j \"><div class=\"eb-slider-wrapper eb-slider-v2r8j\" data-settings=\"{&quot;arrows&quot;:true,&quot;adaptiveHeight&quot;:true,&quot;autoplay&quot;:true,&quot;autoplaySpeed&quot;:3000,&quot;dots&quot;:true,&quot;fade&quot;:true,&quot;infinite&quot;:true,&quot;pauseOnHover&quot;:true,&quot;slidesToShow&quot;:1,&quot;speed&quot;:500,&quot;vertical&quot;:false,&quot;currentSlide&quot;:0,&quot;rtl&quot;:false,&quot;responsive&quot;:[{&quot;breakpoint&quot;:1025,&quot;settings&quot;:{&quot;slidesToShow&quot;:1}},{&quot;breakpoint&quot;:767,&quot;settings&quot;:{&quot;slidesToShow&quot;:1}}]}\" data-images=\"[{&quot;url&quot;:&quot;http:\/\/gea-com.hr\/wp-content\/uploads\/2023\/12\/smedji-500_etiketa.jpg&quot;,&quot;alt&quot;:&quot;&quot;,&quot;id&quot;:0,&quot;imageId&quot;:111,&quot;caption&quot;:&quot;Sme\u0111i - pakiranje 500g&quot;,&quot;title&quot;:&quot;Sme\u0111i - pakiranje 500g&quot;,&quot;subtitle&quot;:&quot;Essential Blocks Slider Subtitle&quot;,&quot;showButton&quot;:true,&quot;buttonText&quot;:&quot;See More&quot;,&quot;buttonUrl&quot;:&quot;&quot;,&quot;openNewTab&quot;:false,&quot;isValidUrl&quot;:true,&quot;showSecondButton&quot;:false,&quot;secondButtonText&quot;:&quot;See More&quot;,&quot;secondButtonUrl&quot;:&quot;&quot;,&quot;secondButtonOpenNewTab&quot;:false},{&quot;url&quot;:&quot;http:\/\/gea-com.hr\/wp-content\/uploads\/2023\/12\/smedji-250-_etiketa.jpg&quot;,&quot;alt&quot;:&quot;&quot;,&quot;id&quot;:1,&quot;imageId&quot;:109,&quot;caption&quot;:&quot;Sme\u0111i - pakiranje 250g&quot;,&quot;title&quot;:&quot;Sme\u0111i - pakiranje 250g&quot;,&quot;subtitle&quot;:&quot;Essential Blocks Slider Subtitle&quot;,&quot;showButton&quot;:true,&quot;buttonText&quot;:&quot;See More&quot;,&quot;buttonUrl&quot;:&quot;&quot;,&quot;openNewTab&quot;:false,&quot;isValidUrl&quot;:true,&quot;showSecondButton&quot;:false,&quot;secondButtonText&quot;:&quot;See More&quot;,&quot;secondButtonUrl&quot;:&quot;&quot;,&quot;secondButtonOpenNewTab&quot;:false},{&quot;url&quot;:&quot;http:\/\/gea-com.hr\/wp-content\/uploads\/2023\/12\/portabela_etiketa.jpg&quot;,&quot;alt&quot;:&quot;&quot;,&quot;id&quot;:2,&quot;imageId&quot;:103,&quot;caption&quot;:&quot;Bucke&quot;,&quot;title&quot;:&quot;Bucke&quot;,&quot;subtitle&quot;:&quot;Essential Blocks Slider Subtitle&quot;,&quot;showButton&quot;:true,&quot;buttonText&quot;:&quot;See More&quot;,&quot;buttonUrl&quot;:&quot;&quot;,&quot;openNewTab&quot;:false,&quot;isValidUrl&quot;:true,&quot;showSecondButton&quot;:false,&quot;secondButtonText&quot;:&quot;See More&quot;,&quot;secondButtonUrl&quot;:&quot;&quot;,&quot;secondButtonOpenNewTab&quot;:false}]\" data-slidercontenttype=\"content-1\" data-slidertype=\"image\" data-textalign=\"left\" data-arrownexticon=\"fas fa-arrow-alt-circle-right\" data-arrowprevicon=\"fas fa-arrow-alt-circle-left\" data-titletag=\"h2\" data-contenttag=\"p\"><div class=\"image\"><div class=\"eb-slider-item content-1\"><img decoding=\"async\" class=\"eb-slider-image\" src=\"http:\/\/gea-com.hr\/wp-content\/uploads\/2023\/12\/smedji-500_etiketa.jpg\"\/><\/div><div class=\"eb-slider-item content-1\"><img decoding=\"async\" class=\"eb-slider-image\" src=\"http:\/\/gea-com.hr\/wp-content\/uploads\/2023\/12\/smedji-250-_etiketa.jpg\"\/><\/div><div class=\"eb-slider-item content-1\"><img decoding=\"async\" class=\"eb-slider-image\" src=\"http:\/\/gea-com.hr\/wp-content\/uploads\/2023\/12\/portabela_etiketa.jpg\"\/><\/div><\/div><\/div><\/div><\/div>\n<\/div>\n\n\n\n<div class=\"wp-block-uagb-container uagb-block-48a05016\">\n<div class=\"wp-block-uagb-advanced-heading uagb-block-f8a41028\"><h2 class=\"uagb-heading-text\">02. Sme\u0111i \u0161ampinjoni<\/h2><p class=\"uagb-desc-text\">Agaricus bisporus<\/p><\/div>\n\n\n\n<p>Sme\u0111i \u0161ampinjon je intenzivnijeg i bogatijeg okusa i mirisa te je sve vi\u0161e kori\u0161ten u kulinarstvu. U ponudi imamo 5 razli\u010ditih proizvoda sa sme\u0111im \u0161ampinjonima.<\/p>\n<\/div>\n<\/div>\n\n\n\n<div class=\"wp-block-uagb-container uagb-block-dbb38139\">\n<div class=\"wp-block-uagb-container uagb-block-99a9ccc3\">\n<div class=\"wp-block-group is-layout-constrained wp-block-group-is-layout-constrained\">\n<div class=\"wp-block-uagb-image uagb-block-e97f59a9 wp-block-uagb-image--layout-default wp-block-uagb-image--effect-static wp-block-uagb-image--align-none\"><figure class=\"wp-block-uagb-image__figure\"><img decoding=\"async\" srcset=\"https:\/\/gea-com.hr\/wp-content\/uploads\/2023\/12\/bukovace_etiketa-12-1-1024x1024.jpg ,https:\/\/gea-com.hr\/wp-content\/uploads\/2023\/12\/bukovace_etiketa-12-1.jpg 780w, https:\/\/gea-com.hr\/wp-content\/uploads\/2023\/12\/bukovace_etiketa-12-1.jpg 360w\" sizes=\"auto, (max-width: 480px) 150px\" src=\"https:\/\/gea-com.hr\/wp-content\/uploads\/2023\/12\/bukovace_etiketa-12-1-1024x1024.jpg\" alt=\"\" class=\"uag-image-1115\" width=\"1024\" height=\"1024\" title=\"\" loading=\"lazy\"\/><\/figure><\/div>\n<\/div>\n<\/div>\n\n\n\n<div class=\"wp-block-uagb-container uagb-block-088a25df\">\n<div class=\"wp-block-uagb-advanced-heading uagb-block-2f3ec4c4\"><h2 class=\"uagb-heading-text\">03. Bukova\u010de<\/h2><p class=\"uagb-desc-text\">Pleurotus ostreatus<\/p><\/div>\n\n\n\n<p>Bukova\u010de su plemenite i ljekovite gljive uzgojene na ekolo\u0161ki na\u010din<\/p>\n<\/div>\n<\/div>\n\n\n\n<div class=\"wp-block-uagb-container uagb-block-b49f8613\">\n<div class=\"wp-block-uagb-container uagb-block-059cf2cb\">\n<div class=\"wp-block-group is-layout-constrained wp-block-group-is-layout-constrained\">\n<div class=\"wp-block-essential-blocks-slider\"><div class=\"eb-parent-wrapper eb-parent-eb-slider-xif2q \"><div class=\"eb-slider-wrapper eb-slider-xif2q\" data-settings=\"{&quot;arrows&quot;:true,&quot;adaptiveHeight&quot;:false,&quot;autoplay&quot;:true,&quot;autoplaySpeed&quot;:3000,&quot;dots&quot;:true,&quot;fade&quot;:false,&quot;infinite&quot;:true,&quot;pauseOnHover&quot;:true,&quot;slidesToShow&quot;:1,&quot;speed&quot;:500,&quot;vertical&quot;:false,&quot;currentSlide&quot;:0,&quot;rtl&quot;:false,&quot;responsive&quot;:[{&quot;breakpoint&quot;:1025,&quot;settings&quot;:{&quot;slidesToShow&quot;:1}},{&quot;breakpoint&quot;:767,&quot;settings&quot;:{&quot;slidesToShow&quot;:1}}]}\" data-images=\"[{&quot;url&quot;:&quot;http:\/\/gea-com.hr\/wp-content\/uploads\/2023\/12\/na-kiselo.jpg&quot;,&quot;alt&quot;:&quot;&quot;,&quot;id&quot;:0,&quot;imageId&quot;:102,&quot;caption&quot;:&quot;&quot;,&quot;title&quot;:&quot;Slider 1&quot;,&quot;subtitle&quot;:&quot;Essential Blocks Slider Subtitle&quot;,&quot;showButton&quot;:true,&quot;buttonText&quot;:&quot;See More&quot;,&quot;buttonUrl&quot;:&quot;&quot;,&quot;openNewTab&quot;:false,&quot;isValidUrl&quot;:true,&quot;showSecondButton&quot;:false,&quot;secondButtonText&quot;:&quot;See More&quot;,&quot;secondButtonUrl&quot;:&quot;&quot;,&quot;secondButtonOpenNewTab&quot;:false},{&quot;url&quot;:&quot;http:\/\/gea-com.hr\/wp-content\/uploads\/2023\/12\/sampinjoni-teglice-novo_bez-texta-13.png&quot;,&quot;alt&quot;:&quot;&quot;,&quot;id&quot;:1,&quot;imageId&quot;:117,&quot;caption&quot;:&quot;&quot;,&quot;title&quot;:&quot;Slider 2&quot;,&quot;subtitle&quot;:&quot;Essential Blocks Slider Subtitle&quot;,&quot;showButton&quot;:true,&quot;buttonText&quot;:&quot;See More&quot;,&quot;buttonUrl&quot;:&quot;&quot;,&quot;openNewTab&quot;:false,&quot;isValidUrl&quot;:true,&quot;showSecondButton&quot;:false,&quot;secondButtonText&quot;:&quot;See More&quot;,&quot;secondButtonUrl&quot;:&quot;&quot;,&quot;secondButtonOpenNewTab&quot;:false},{&quot;url&quot;:&quot;http:\/\/gea-com.hr\/wp-content\/uploads\/2023\/12\/sampinjoni-teglice-novo_bez-texta-12.png&quot;,&quot;alt&quot;:&quot;&quot;,&quot;id&quot;:2,&quot;imageId&quot;:116,&quot;caption&quot;:&quot;&quot;,&quot;title&quot;:&quot;Slider 3&quot;,&quot;subtitle&quot;:&quot;Essential Blocks Slider Subtitle&quot;,&quot;showButton&quot;:true,&quot;buttonText&quot;:&quot;See More&quot;,&quot;buttonUrl&quot;:&quot;&quot;,&quot;openNewTab&quot;:false,&quot;isValidUrl&quot;:true,&quot;showSecondButton&quot;:false,&quot;secondButtonText&quot;:&quot;See More&quot;,&quot;secondButtonUrl&quot;:&quot;&quot;,&quot;secondButtonOpenNewTab&quot;:false},{&quot;url&quot;:&quot;http:\/\/gea-com.hr\/wp-content\/uploads\/2023\/12\/sampinjoni-teglice-novo_bez-texta-14.png&quot;,&quot;alt&quot;:&quot;&quot;,&quot;id&quot;:3,&quot;imageId&quot;:118,&quot;caption&quot;:&quot;&quot;,&quot;title&quot;:&quot;Slider 4&quot;,&quot;subtitle&quot;:&quot;Essential Blocks Slider Subtitle&quot;,&quot;showButton&quot;:true,&quot;buttonText&quot;:&quot;See More&quot;,&quot;buttonUrl&quot;:&quot;&quot;,&quot;openNewTab&quot;:false,&quot;isValidUrl&quot;:true,&quot;showSecondButton&quot;:false,&quot;secondButtonText&quot;:&quot;See More&quot;,&quot;secondButtonUrl&quot;:&quot;&quot;,&quot;secondButtonOpenNewTab&quot;:false}]\" data-slidercontenttype=\"content-1\" data-slidertype=\"image\" data-textalign=\"left\" data-arrownexticon=\"fas fa-arrow-alt-circle-right\" data-arrowprevicon=\"fas fa-arrow-alt-circle-left\" data-titletag=\"h2\" data-contenttag=\"p\"><div class=\"image\"><div class=\"eb-slider-item content-1\"><img decoding=\"async\" class=\"eb-slider-image\" src=\"http:\/\/gea-com.hr\/wp-content\/uploads\/2023\/12\/na-kiselo.jpg\"\/><\/div><div class=\"eb-slider-item content-1\"><img decoding=\"async\" class=\"eb-slider-image\" src=\"http:\/\/gea-com.hr\/wp-content\/uploads\/2023\/12\/sampinjoni-teglice-novo_bez-texta-13.png\"\/><\/div><div class=\"eb-slider-item content-1\"><img decoding=\"async\" class=\"eb-slider-image\" src=\"http:\/\/gea-com.hr\/wp-content\/uploads\/2023\/12\/sampinjoni-teglice-novo_bez-texta-12.png\"\/><\/div><div class=\"eb-slider-item content-1\"><img decoding=\"async\" class=\"eb-slider-image\" src=\"http:\/\/gea-com.hr\/wp-content\/uploads\/2023\/12\/sampinjoni-teglice-novo_bez-texta-14.png\"\/><\/div><\/div><\/div><\/div><\/div>\n<\/div>\n<\/div>\n\n\n\n<div class=\"wp-block-uagb-container uagb-block-a138a9ec\">\n<div class=\"wp-block-uagb-advanced-heading uagb-block-eb4dcf9a\"><h2 class=\"uagb-heading-text\">04. Kiseli \u0160ampinjoni<\/h2><\/div>\n\n\n\n<p>Kisele \u0161ampinjone prera\u0111ujemo iz gljiva iz vlastitog uzgoja. Pripremljeni su bez umjetnih konzervansa i aroma na ekolo\u0161ki na\u010din uz dodatak doma\u0107eg maslinovog ulja iz vlastitog uzgoja.<\/p>\n<\/div>\n<\/div>\n\n\n\n<div class=\"wp-block-uagb-container uagb-block-e28b557d\">\n<div class=\"wp-block-uagb-container uagb-block-f3aa91ab\"><\/div>\n<\/div>\n\n\n\n<div class=\"wp-block-uagb-marketing-button uagb-marketing-btn__align-center uagb-marketing-btn__align-text-center uagb-marketing-btn__icon-after uagb-block-56612605 wp-block-button\"><a href=\"#\" class=\"uagb-marketing-btn__link wp-block-button__link\" target=\"\" rel=\"noopener noreferrer\"><span class=\"uagb-marketing-btn__title\">Preuzmite aktualni katalog<\/span><svg xmlns=\"https:\/\/www.w3.org\/2000\/svg\" viewBox=\"0 0 384 512\"><path d=\"M88 304H80V256H88C101.3 256 112 266.7 112 280C112 293.3 101.3 304 88 304zM192 256H200C208.8 256 216 263.2 216 272V336C216 344.8 208.8 352 200 352H192V256zM224 0V128C224 145.7 238.3 160 256 160H384V448C384 483.3 355.3 512 320 512H64C28.65 512 0 483.3 0 448V64C0 28.65 28.65 0 64 0H224zM64 224C55.16 224 48 231.2 48 240V368C48 376.8 55.16 384 64 384C72.84 384 80 376.8 80 368V336H88C118.9 336 144 310.9 144 280C144 249.1 118.9 224 88 224H64zM160 368C160 376.8 167.2 384 176 384H200C226.5 384 248 362.5 248 336V272C248 245.5 226.5 224 200 224H176C167.2 224 160 231.2 160 240V368zM288 224C279.2 224 272 231.2 272 240V368C272 376.8 279.2 384 288 384C296.8 384 304 376.8 304 368V320H336C344.8 320 352 312.8 352 304C352 295.2 344.8 288 336 288H304V256H336C344.8 256 352 248.8 352 240C352 231.2 344.8 224 336 224H288zM256 0L384 128H256V0z\"><\/path><\/svg><p class=\"uagb-marketing-btn__prefix\">Sve detalje o ponudi mo\u017eete prona\u0107i u na\u0161em katalogu<\/p><\/a><\/div>\n<\/div><\/div>\n","protected":false},"excerpt":{"rendered":"<p>Na\u0161i proizvodi uzgojeni su ekolo\u0161ki, uz posebnu brigu o higijenskim uvjetima te bez kori\u0161tenja pesticida i insekticida. 01. Bijeli \u0160ampinjoni\u200b Agaricus bisporus Bijeli \u0161ampinjon je naj\u010de\u0161\u0107e konzumirana gljiva. Na tr\u017ei\u0161te stavljamo 8 razli\u010ditih proizvoda. 02. Sme\u0111i \u0161ampinjoni Agaricus bisporus Sme\u0111i \u0161ampinjon je intenzivnijeg i bogatijeg okusa i mirisa te je sve vi\u0161e kori\u0161ten u kulinarstvu. &hellip;<\/p>\n<p class=\"read-more\"> <a class=\"\" href=\"https:\/\/gea-com.hr\/?page_id=7\"> <span class=\"screen-reader-text\">Proizvodi<\/span> Read More &raquo;<\/a><\/p>\n","protected":false},"author":1,"featured_media":0,"parent":0,"menu_order":0,"comment_status":"closed","ping_status":"closed","template":"","meta":{"_eb_attr":"","_uag_custom_page_level_css":"","site-sidebar-layout":"default","site-content-layout":"plain-container","ast-site-content-layout":"normal-width-container","site-content-style":"unboxed","site-sidebar-style":"unboxed","ast-global-header-display":"","ast-banner-title-visibility":"","ast-main-header-display":"","ast-hfb-above-header-display":"","ast-hfb-below-header-display":"","ast-hfb-mobile-header-display":"","site-post-title":"disabled","ast-breadcrumbs-content":"","ast-featured-img":"","footer-sml-layout":"","theme-transparent-header-meta":"enabled","adv-header-id-meta":"","stick-header-meta":"","header-above-stick-meta":"","header-main-stick-meta":"","header-below-stick-meta":"","astra-migrate-meta-layouts":"set","ast-page-background-enabled":"default","ast-page-background-meta":{"desktop":{"background-color":"","background-image":"","background-repeat":"repeat","background-position":"center center","background-size":"auto","background-attachment":"scroll","background-type":"","background-media":"","overlay-type":"","overlay-color":"","overlay-gradient":""},"tablet":{"background-color":"","background-image":"","background-repeat":"repeat","background-position":"center center","background-size":"auto","background-attachment":"scroll","background-type":"","background-media":"","overlay-type":"","overlay-color":"","overlay-gradient":""},"mobile":{"background-color":"","background-image":"","background-repeat":"repeat","background-position":"center center","background-size":"auto","background-attachment":"scroll","background-type":"","background-media":"","overlay-type":"","overlay-color":"","overlay-gradient":""}},"ast-content-background-meta":{"desktop":{"background-color":"var(--ast-global-color-5)","background-image":"","background-repeat":"repeat","background-position":"center center","background-size":"auto","background-attachment":"scroll","background-type":"","background-media":"","overlay-type":"","overlay-color":"","overlay-gradient":""},"tablet":{"background-color":"var(--ast-global-color-5)","background-image":"","background-repeat":"repeat","background-position":"center center","background-size":"auto","background-attachment":"scroll","background-type":"","background-media":"","overlay-type":"","overlay-color":"","overlay-gradient":""},"mobile":{"background-color":"var(--ast-global-color-5)","background-image":"","background-repeat":"repeat","background-position":"center center","background-size":"auto","background-attachment":"scroll","background-type":"","background-media":"","overlay-type":"","overlay-color":"","overlay-gradient":""}},"footnotes":""},"class_list":["post-7","page","type-page","status-publish","hentry"],"uagb_featured_image_src":{"full":false,"thumbnail":false,"medium":false,"medium_large":false,"large":false,"1536x1536":false,"2048x2048":false},"uagb_author_info":{"display_name":"admin","author_link":"https:\/\/gea-com.hr\/?author=1"},"uagb_comment_info":0,"uagb_excerpt":"Na\u0161i proizvodi uzgojeni su ekolo\u0161ki, uz posebnu brigu o higijenskim uvjetima te bez kori\u0161tenja pesticida i insekticida. 01. Bijeli \u0160ampinjoni\u200b Agaricus bisporus Bijeli \u0161ampinjon je naj\u010de\u0161\u0107e konzumirana gljiva. Na tr\u017ei\u0161te stavljamo 8 razli\u010ditih proizvoda. 02. Sme\u0111i \u0161ampinjoni Agaricus bisporus Sme\u0111i \u0161ampinjon je intenzivnijeg i bogatijeg okusa i mirisa te je sve vi\u0161e kori\u0161ten u kulinarstvu.&hellip;","_links":{"self":[{"href":"https:\/\/gea-com.hr\/index.php?rest_route=\/wp\/v2\/pages\/7","targetHints":{"allow":["GET"]}}],"collection":[{"href":"https:\/\/gea-com.hr\/index.php?rest_route=\/wp\/v2\/pages"}],"about":[{"href":"https:\/\/gea-com.hr\/index.php?rest_route=\/wp\/v2\/types\/page"}],"author":[{"embeddable":true,"href":"https:\/\/gea-com.hr\/index.php?rest_route=\/wp\/v2\/users\/1"}],"replies":[{"embeddable":true,"href":"https:\/\/gea-com.hr\/index.php?rest_route=%2Fwp%2Fv2%2Fcomments&post=7"}],"version-history":[{"count":10,"href":"https:\/\/gea-com.hr\/index.php?rest_route=\/wp\/v2\/pages\/7\/revisions"}],"predecessor-version":[{"id":1152,"href":"https:\/\/gea-com.hr\/index.php?rest_route=\/wp\/v2\/pages\/7\/revisions\/1152"}],"wp:attachment":[{"href":"https:\/\/gea-com.hr\/index.php?rest_route=%2Fwp%2Fv2%2Fmedia&parent=7"}],"curies":[{"name":"wp","href":"https:\/\/api.w.org\/{rel}","templated":true}]}}